{"id":13111,"date":"2025-08-02T11:31:49","date_gmt":"2025-08-02T09:31:49","guid":{"rendered":"https:\/\/christofhintze.com\/?page_id=13111"},"modified":"2025-08-16T17:19:42","modified_gmt":"2025-08-16T15:19:42","slug":"impressum","status":"publish","type":"page","link":"https:\/\/christofhintze.com\/de\/impressum\/","title":{"rendered":"Impressum"},"content":{"rendered":"<p><div class=\"fusion-fullwidth fullwidth-box fusion-builder-row-1 fusion-flex-container nonhundred-percent-fullwidth non-hundred-percent-height-scrolling\" style=\"--awb-border-radius-top-left:0px;--awb-border-radius-top-right:0px;--awb-border-radius-bottom-right:0px;--awb-border-radius-bottom-left:0px;--awb-flex-wrap:wrap;\" ><div class=\"fusion-builder-row fusion-row fusion-flex-align-items-flex-start fusion-flex-content-wrap\" style=\"max-width:calc( 1536px + 0px );margin-left: calc(-0px \/ 2 );margin-right: calc(-0px \/ 2 );\"><div class=\"fusion-layout-column fusion_builder_column fusion-builder-column-0 fusion_builder_column_1_1 1_1 fusion-flex-column\" style=\"--awb-bg-size:cover;--awb-width-large:100%;--awb-margin-top-large:0px;--awb-spacing-right-large:0px;--awb-margin-bottom-large:20px;--awb-spacing-left-large:0px;--awb-width-medium:100%;--awb-spacing-right-medium:0px;--awb-spacing-left-medium:0px;--awb-width-small:100%;--awb-spacing-right-small:0px;--awb-spacing-left-small:0px;\"><div class=\"fusion-column-wrapper fusion-flex-justify-content-flex-start fusion-content-layout-column\"><\/div><\/div><\/div><\/div><div class=\"fusion-fullwidth fullwidth-box fusion-builder-row-2 fusion-flex-container nonhundred-percent-fullwidth non-hundred-percent-height-scrolling\" style=\"--awb-border-radius-top-left:0px;--awb-border-radius-top-right:0px;--awb-border-radius-bottom-right:0px;--awb-border-radius-bottom-left:0px;--awb-flex-wrap:wrap;\" ><div class=\"fusion-builder-row fusion-row fusion-flex-align-items-flex-start fusion-flex-content-wrap\" style=\"max-width:1597.44px;margin-left: calc(-4% \/ 2 );margin-right: calc(-4% \/ 2 );\"><div class=\"fusion-layout-column fusion_builder_column fusion-builder-column-1 fusion_builder_column_1_5 1_5 fusion-flex-column\" style=\"--awb-bg-size:cover;--awb-width-large:20%;--awb-margin-top-large:0px;--awb-spacing-right-large:9.6%;--awb-margin-bottom-large:20px;--awb-spacing-left-large:9.6%;--awb-width-medium:100%;--awb-spacing-right-medium:1.92%;--awb-spacing-left-medium:1.92%;--awb-width-small:100%;--awb-spacing-right-small:1.92%;--awb-spacing-left-small:1.92%;\"><div class=\"fusion-column-wrapper fusion-flex-justify-content-flex-start fusion-content-layout-column\"><\/div><\/div><div class=\"fusion-layout-column fusion_builder_column fusion-builder-column-2 fusion_builder_column_2_3 2_3 fusion-flex-column\" style=\"--awb-bg-size:cover;--awb-width-large:66.6666666667%;--awb-margin-top-large:0px;--awb-spacing-right-large:2.88%;--awb-margin-bottom-large:20px;--awb-spacing-left-large:2.88%;--awb-width-medium:100%;--awb-spacing-right-medium:1.92%;--awb-spacing-left-medium:1.92%;--awb-width-small:100%;--awb-spacing-right-small:1.92%;--awb-spacing-left-small:1.92%;\"><div class=\"fusion-column-wrapper fusion-flex-justify-content-flex-start fusion-content-layout-column\"><\/div><\/div><\/div><\/div><div class=\"fusion-fullwidth fullwidth-box fusion-builder-row-3 fusion-flex-container nonhundred-percent-fullwidth non-hundred-percent-height-scrolling\" style=\"--awb-border-radius-top-left:0px;--awb-border-radius-top-right:0px;--awb-border-radius-bottom-right:0px;--awb-border-radius-bottom-left:0px;--awb-flex-wrap:wrap;\" ><div class=\"fusion-builder-row fusion-row fusion-flex-align-items-flex-start fusion-flex-content-wrap\" style=\"max-width:1597.44px;margin-left: calc(-4% \/ 2 );margin-right: calc(-4% \/ 2 );\"><div class=\"fusion-layout-column fusion_builder_column fusion-builder-column-3 fusion_builder_column_1_5 1_5 fusion-flex-column\" style=\"--awb-bg-size:cover;--awb-width-large:20%;--awb-margin-top-large:0px;--awb-spacing-right-large:9.6%;--awb-margin-bottom-large:20px;--awb-spacing-left-large:9.6%;--awb-width-medium:100%;--awb-spacing-right-medium:1.92%;--awb-spacing-left-medium:1.92%;--awb-width-small:100%;--awb-spacing-right-small:1.92%;--awb-spacing-left-small:1.92%;\"><div class=\"fusion-column-wrapper fusion-flex-justify-content-flex-start fusion-content-layout-column\"><\/div><\/div><div class=\"fusion-layout-column fusion_builder_column fusion-builder-column-4 fusion_builder_column_2_3 2_3 fusion-flex-column\" style=\"--awb-bg-size:cover;--awb-width-large:66.6666666667%;--awb-margin-top-large:0px;--awb-spacing-right-large:2.88%;--awb-margin-bottom-large:20px;--awb-spacing-left-large:2.88%;--awb-width-medium:100%;--awb-spacing-right-medium:1.92%;--awb-spacing-left-medium:1.92%;--awb-width-small:100%;--awb-spacing-right-small:1.92%;--awb-spacing-left-small:1.92%;\"><div class=\"fusion-column-wrapper fusion-flex-justify-content-flex-start fusion-content-layout-column\"><div class=\"fusion-text fusion-text-1\"><h3>Impressum<\/h3>\n<\/div><div class=\"fusion-text fusion-text-2\"><p>Angaben gem\u00e4\u00df \u00a7 5 TMG:<br \/>\nChristof Hintze<br \/>\nWeilheimer Stra\u00dfe 1<br \/>\n82347 Bernried am Starnberger See<br \/>\nGermany<\/p>\n<p>Kontakt<br \/>\nTelefon 0172 200 5261<br \/>\nE-Mail: <a href=\"mailto:thanks@christofhintze.com\">thanks@christofhintze.com<\/a><\/p>\n<p>Verantwortlich f\u00fcr den Inhalt nach \u00a7 55 Abs. 2 RStV<br \/>\nChristof Hintze<br \/>\nWeilheimer Stra\u00dfe 1<br \/>\n82347 Bernried am Starnberger See<br \/>\nDeutschland<\/p>\n<\/div><\/div><\/div><\/div><\/div><div class=\"fusion-fullwidth fullwidth-box fusion-builder-row-4 fusion-flex-container nonhundred-percent-fullwidth non-hundred-percent-height-scrolling\" style=\"--awb-border-radius-top-left:0px;--awb-border-radius-top-right:0px;--awb-border-radius-bottom-right:0px;--awb-border-radius-bottom-left:0px;--awb-flex-wrap:wrap;\" ><div class=\"fusion-builder-row fusion-row fusion-flex-align-items-flex-start fusion-flex-content-wrap\" style=\"max-width:1597.44px;margin-left: calc(-4% \/ 2 );margin-right: calc(-4% \/ 2 );\"><div class=\"fusion-layout-column fusion_builder_column fusion-builder-column-5 fusion_builder_column_1_5 1_5 fusion-flex-column\" style=\"--awb-bg-size:cover;--awb-width-large:20%;--awb-margin-top-large:0px;--awb-spacing-right-large:9.6%;--awb-margin-bottom-large:20px;--awb-spacing-left-large:9.6%;--awb-width-medium:100%;--awb-spacing-right-medium:1.92%;--awb-spacing-left-medium:1.92%;--awb-width-small:100%;--awb-spacing-right-small:1.92%;--awb-spacing-left-small:1.92%;\"><div class=\"fusion-column-wrapper fusion-flex-justify-content-flex-start fusion-content-layout-column\"><\/div><\/div><div class=\"fusion-layout-column fusion_builder_column fusion-builder-column-6 fusion_builder_column_2_3 2_3 fusion-flex-column\" style=\"--awb-bg-size:cover;--awb-width-large:66.6666666667%;--awb-margin-top-large:0px;--awb-spacing-right-large:2.88%;--awb-margin-bottom-large:20px;--awb-spacing-left-large:2.88%;--awb-width-medium:100%;--awb-spacing-right-medium:1.92%;--awb-spacing-left-medium:1.92%;--awb-width-small:100%;--awb-spacing-right-small:1.92%;--awb-spacing-left-small:1.92%;\"><div class=\"fusion-column-wrapper fusion-flex-justify-content-flex-start fusion-content-layout-column\"><div class=\"fusion-text fusion-text-3\"><h3>Haftungsausschluss<\/h3>\n<\/div><div class=\"fusion-text fusion-text-4\"><p>Trotz sorgf\u00e4ltiger inhaltlicher Kontrolle \u00fcbernehmen wir keine Haftung f\u00fcr die Inhalte externer Links. F\u00fcr den Inhalt der verlinkten Seiten sind ausschlie\u00dflich deren Betreiber verantwortlich.<\/p>\n<\/div><div class=\"fusion-text fusion-text-5\"><h3>Urheberrecht<\/h3>\n<\/div><div class=\"fusion-text fusion-text-6\"><p>Die auf dieser Website ver\u00f6ffentlichten Inhalte, Werke und bereitgestellten Informationen unterliegen dem deutschen Urheberrecht. Jede Art der Vervielf\u00e4ltigung, Bearbeitung, Verbreitung und Verwertung au\u00dferhalb der Grenzen des Urheberrechts bedarf der vorherigen schriftlichen Zustimmung des jeweiligen Autors bzw. Erstellers.<\/p>\n<\/div><\/div><\/div><\/div><\/div><\/p>\n","protected":false},"excerpt":{"rendered":"","protected":false},"author":11,"featured_media":0,"parent":0,"menu_order":0,"comment_status":"closed","ping_status":"closed","template":"","meta":{"footnotes":""},"class_list":["post-13111","page","type-page","status-publish","hentry"],"yoast_head":"<!-- This site is optimized with the Yoast SEO plugin v27.5 - https:\/\/yoast.com\/product\/yoast-seo-wordpress\/ -->\n<title>Impressum | Christof Hintze | Kunstdruck | Kollektion | Kunstgalerie<\/title>\n<meta name=\"description\" content=\"Kunst direkt vom K\u00fcnstler Christof Hintze kaufen. Ikonische Kunstwerke. Serie: Blau im Quadrat. Kunstkollektion. Druck auf Aludibond, gerahmt.\" \/>\n<meta name=\"robots\" content=\"index, follow, max-snippet:-1, max-image-preview:large, max-video-preview:-1\" \/>\n<link rel=\"canonical\" href=\"https:\/\/christofhintze.com\/de\/impressum\/\" \/>\n<meta property=\"og:locale\" content=\"de_DE\" \/>\n<meta property=\"og:type\" content=\"article\" \/>\n<meta property=\"og:title\" content=\"Impressum | Christof Hintze | Kunstdruck | Kollektion | Kunstgalerie\" \/>\n<meta property=\"og:description\" content=\"Kunst direkt vom K\u00fcnstler Christof Hintze kaufen. Ikonische Kunstwerke. Serie: Blau im Quadrat. Kunstkollektion. Druck auf Aludibond, gerahmt.\" \/>\n<meta property=\"og:url\" content=\"https:\/\/christofhintze.com\/de\/impressum\/\" \/>\n<meta property=\"og:site_name\" content=\"Christof Hintze K\u00fcnstler\" \/>\n<meta property=\"article:modified_time\" content=\"2025-08-16T15:19:42+00:00\" \/>\n<meta name=\"twitter:card\" content=\"summary_large_image\" \/>\n<meta name=\"twitter:label1\" content=\"Gesch\u00e4tzte Lesezeit\" \/>\n\t<meta name=\"twitter:data1\" content=\"1\u00a0Minute\" \/>\n<script type=\"application\/ld+json\" class=\"yoast-schema-graph\">{\"@context\":\"https:\\\/\\\/schema.org\",\"@graph\":[{\"@type\":\"WebPage\",\"@id\":\"https:\\\/\\\/christofhintze.com\\\/de\\\/impressum\\\/\",\"url\":\"https:\\\/\\\/christofhintze.com\\\/de\\\/impressum\\\/\",\"name\":\"Impressum | Christof Hintze | Kunstdruck | Kollektion | Kunstgalerie\",\"isPartOf\":{\"@id\":\"https:\\\/\\\/christofhintze.com\\\/#website\"},\"datePublished\":\"2025-08-02T09:31:49+00:00\",\"dateModified\":\"2025-08-16T15:19:42+00:00\",\"description\":\"Kunst direkt vom K\u00fcnstler Christof Hintze kaufen. Ikonische Kunstwerke. Serie: Blau im Quadrat. Kunstkollektion. Druck auf Aludibond, gerahmt.\",\"breadcrumb\":{\"@id\":\"https:\\\/\\\/christofhintze.com\\\/de\\\/impressum\\\/#breadcrumb\"},\"inLanguage\":\"de\",\"potentialAction\":[{\"@type\":\"ReadAction\",\"target\":[\"https:\\\/\\\/christofhintze.com\\\/de\\\/impressum\\\/\"]}]},{\"@type\":\"BreadcrumbList\",\"@id\":\"https:\\\/\\\/christofhintze.com\\\/de\\\/impressum\\\/#breadcrumb\",\"itemListElement\":[{\"@type\":\"ListItem\",\"position\":1,\"name\":\"Startseite\",\"item\":\"https:\\\/\\\/christofhintze.com\\\/de\\\/\"},{\"@type\":\"ListItem\",\"position\":2,\"name\":\"Impressum\"}]},{\"@type\":\"WebSite\",\"@id\":\"https:\\\/\\\/christofhintze.com\\\/#website\",\"url\":\"https:\\\/\\\/christofhintze.com\\\/\",\"name\":\"Christof Hintze Artworks\",\"description\":\"Ikonische Kunstwerke Blau im Quadrat\",\"publisher\":{\"@id\":\"https:\\\/\\\/christofhintze.com\\\/#organization\"},\"alternateName\":\"Iconic Artworks Blue in a Square\",\"potentialAction\":[{\"@type\":\"SearchAction\",\"target\":{\"@type\":\"EntryPoint\",\"urlTemplate\":\"https:\\\/\\\/christofhintze.com\\\/?s={search_term_string}\"},\"query-input\":{\"@type\":\"PropertyValueSpecification\",\"valueRequired\":true,\"valueName\":\"search_term_string\"}}],\"inLanguage\":\"de\"},{\"@type\":\"Organization\",\"@id\":\"https:\\\/\\\/christofhintze.com\\\/#organization\",\"name\":\"Christof Hintze Artworks\",\"url\":\"https:\\\/\\\/christofhintze.com\\\/\",\"logo\":{\"@type\":\"ImageObject\",\"inLanguage\":\"de\",\"@id\":\"https:\\\/\\\/christofhintze.com\\\/#\\\/schema\\\/logo\\\/image\\\/\",\"url\":\"https:\\\/\\\/christofhintze.com\\\/wp-content\\\/uploads\\\/2025\\\/09\\\/iconic-art-christof-hintze-positive-memories-blue-in-a-square.png\",\"contentUrl\":\"https:\\\/\\\/christofhintze.com\\\/wp-content\\\/uploads\\\/2025\\\/09\\\/iconic-art-christof-hintze-positive-memories-blue-in-a-square.png\",\"width\":924,\"height\":600,\"caption\":\"Christof Hintze Artworks\"},\"image\":{\"@id\":\"https:\\\/\\\/christofhintze.com\\\/#\\\/schema\\\/logo\\\/image\\\/\"},\"sameAs\":[\"https:\\\/\\\/www.instagram.com\\\/christofhintze\\\/\"]}]}<\/script>\n<!-- \/ Yoast SEO plugin. -->","yoast_head_json":{"title":"Impressum | Christof Hintze | Kunstdruck | Kollektion | Kunstgalerie","description":"Kunst direkt vom K\u00fcnstler Christof Hintze kaufen. Ikonische Kunstwerke. Serie: Blau im Quadrat. Kunstkollektion. Druck auf Aludibond, gerahmt.","robots":{"index":"index","follow":"follow","max-snippet":"max-snippet:-1","max-image-preview":"max-image-preview:large","max-video-preview":"max-video-preview:-1"},"canonical":"https:\/\/christofhintze.com\/de\/impressum\/","og_locale":"de_DE","og_type":"article","og_title":"Impressum | Christof Hintze | Kunstdruck | Kollektion | Kunstgalerie","og_description":"Kunst direkt vom K\u00fcnstler Christof Hintze kaufen. Ikonische Kunstwerke. Serie: Blau im Quadrat. Kunstkollektion. Druck auf Aludibond, gerahmt.","og_url":"https:\/\/christofhintze.com\/de\/impressum\/","og_site_name":"Christof Hintze K\u00fcnstler","article_modified_time":"2025-08-16T15:19:42+00:00","twitter_card":"summary_large_image","twitter_misc":{"Gesch\u00e4tzte Lesezeit":"1\u00a0Minute"},"schema":{"@context":"https:\/\/schema.org","@graph":[{"@type":"WebPage","@id":"https:\/\/christofhintze.com\/de\/impressum\/","url":"https:\/\/christofhintze.com\/de\/impressum\/","name":"Impressum | Christof Hintze | Kunstdruck | Kollektion | Kunstgalerie","isPartOf":{"@id":"https:\/\/christofhintze.com\/#website"},"datePublished":"2025-08-02T09:31:49+00:00","dateModified":"2025-08-16T15:19:42+00:00","description":"Kunst direkt vom K\u00fcnstler Christof Hintze kaufen. Ikonische Kunstwerke. Serie: Blau im Quadrat. Kunstkollektion. Druck auf Aludibond, gerahmt.","breadcrumb":{"@id":"https:\/\/christofhintze.com\/de\/impressum\/#breadcrumb"},"inLanguage":"de","potentialAction":[{"@type":"ReadAction","target":["https:\/\/christofhintze.com\/de\/impressum\/"]}]},{"@type":"BreadcrumbList","@id":"https:\/\/christofhintze.com\/de\/impressum\/#breadcrumb","itemListElement":[{"@type":"ListItem","position":1,"name":"Startseite","item":"https:\/\/christofhintze.com\/de\/"},{"@type":"ListItem","position":2,"name":"Impressum"}]},{"@type":"WebSite","@id":"https:\/\/christofhintze.com\/#website","url":"https:\/\/christofhintze.com\/","name":"Christof Hintze Artworks","description":"Ikonische Kunstwerke Blau im Quadrat","publisher":{"@id":"https:\/\/christofhintze.com\/#organization"},"alternateName":"Iconic Artworks Blue in a Square","potentialAction":[{"@type":"SearchAction","target":{"@type":"EntryPoint","urlTemplate":"https:\/\/christofhintze.com\/?s={search_term_string}"},"query-input":{"@type":"PropertyValueSpecification","valueRequired":true,"valueName":"search_term_string"}}],"inLanguage":"de"},{"@type":"Organization","@id":"https:\/\/christofhintze.com\/#organization","name":"Christof Hintze Artworks","url":"https:\/\/christofhintze.com\/","logo":{"@type":"ImageObject","inLanguage":"de","@id":"https:\/\/christofhintze.com\/#\/schema\/logo\/image\/","url":"https:\/\/christofhintze.com\/wp-content\/uploads\/2025\/09\/iconic-art-christof-hintze-positive-memories-blue-in-a-square.png","contentUrl":"https:\/\/christofhintze.com\/wp-content\/uploads\/2025\/09\/iconic-art-christof-hintze-positive-memories-blue-in-a-square.png","width":924,"height":600,"caption":"Christof Hintze Artworks"},"image":{"@id":"https:\/\/christofhintze.com\/#\/schema\/logo\/image\/"},"sameAs":["https:\/\/www.instagram.com\/christofhintze\/"]}]}},"_links":{"self":[{"href":"https:\/\/christofhintze.com\/de\/wp-json\/wp\/v2\/pages\/13111","targetHints":{"allow":["GET"]}}],"collection":[{"href":"https:\/\/christofhintze.com\/de\/wp-json\/wp\/v2\/pages"}],"about":[{"href":"https:\/\/christofhintze.com\/de\/wp-json\/wp\/v2\/types\/page"}],"author":[{"embeddable":true,"href":"https:\/\/christofhintze.com\/de\/wp-json\/wp\/v2\/users\/11"}],"replies":[{"embeddable":true,"href":"https:\/\/christofhintze.com\/de\/wp-json\/wp\/v2\/comments?post=13111"}],"version-history":[{"count":6,"href":"https:\/\/christofhintze.com\/de\/wp-json\/wp\/v2\/pages\/13111\/revisions"}],"predecessor-version":[{"id":13963,"href":"https:\/\/christofhintze.com\/de\/wp-json\/wp\/v2\/pages\/13111\/revisions\/13963"}],"wp:attachment":[{"href":"https:\/\/christofhintze.com\/de\/wp-json\/wp\/v2\/media?parent=13111"}],"curies":[{"name":"wp","href":"https:\/\/api.w.org\/{rel}","templated":true}]}}