{"id":13114,"date":"2025-08-02T11:31:49","date_gmt":"2025-08-02T09:31:49","guid":{"rendered":"https:\/\/christofhintze.com\/?page_id=13114"},"modified":"2025-08-16T17:19:14","modified_gmt":"2025-08-16T15:19:14","slug":"datenschutz","status":"publish","type":"page","link":"https:\/\/christofhintze.com\/de\/datenschutz\/","title":{"rendered":"Datenschutz"},"content":{"rendered":"<div class=\"fusion-fullwidth fullwidth-box fusion-builder-row-1 fusion-flex-container nonhundred-percent-fullwidth non-hundred-percent-height-scrolling\" style=\"--awb-border-radius-top-left:0px;--awb-border-radius-top-right:0px;--awb-border-radius-bottom-right:0px;--awb-border-radius-bottom-left:0px;--awb-margin-top:50px;--awb-flex-wrap:wrap;\" ><div class=\"fusion-builder-row fusion-row fusion-flex-align-items-flex-start fusion-flex-content-wrap\" style=\"max-width:1597.44px;margin-left: calc(-4% \/ 2 );margin-right: calc(-4% \/ 2 );\"><div class=\"fusion-layout-column fusion_builder_column fusion-builder-column-0 fusion_builder_column_1_5 1_5 fusion-flex-column\" style=\"--awb-bg-size:cover;--awb-width-large:20%;--awb-margin-top-large:0px;--awb-spacing-right-large:9.6%;--awb-margin-bottom-large:20px;--awb-spacing-left-large:9.6%;--awb-width-medium:100%;--awb-spacing-right-medium:1.92%;--awb-spacing-left-medium:1.92%;--awb-width-small:100%;--awb-spacing-right-small:1.92%;--awb-spacing-left-small:1.92%;\"><div class=\"fusion-column-wrapper fusion-flex-justify-content-flex-start fusion-content-layout-column\"><\/div><\/div><div class=\"fusion-layout-column fusion_builder_column fusion-builder-column-1 fusion_builder_column_2_3 2_3 fusion-flex-column\" style=\"--awb-bg-size:cover;--awb-width-large:66.6666666667%;--awb-margin-top-large:0px;--awb-spacing-right-large:2.88%;--awb-margin-bottom-large:20px;--awb-spacing-left-large:2.88%;--awb-width-medium:100%;--awb-spacing-right-medium:1.92%;--awb-spacing-left-medium:1.92%;--awb-width-small:100%;--awb-spacing-right-small:1.92%;--awb-spacing-left-small:1.92%;\"><div class=\"fusion-column-wrapper fusion-flex-justify-content-flex-start fusion-content-layout-column\"><div class=\"fusion-text fusion-text-1\"><h3>Datenschutzerkl\u00e4rung<\/h3>\n<p>Stand: August 2025<\/p>\n<ol>\n<li>Verantwortlicher<br \/>\nChristof Hintze<br \/>\nWeilheimer Stra\u00dfe 1<br \/>\n82347 Bernried am Starnberger See<br \/>\nTelefon: 0172 200 5261<br \/>\nE-Mail:\u00a0<a href=\"mailto:thanks@christofhintze.com\">thanks@christofhintze.com<\/a><\/li>\n<\/ol>\n<ol start=\"2\">\n<li>Erhebung und Speicherung personenbezogener Daten sowie Art und Zweck der Verwendung<\/li>\n<li>a) Beim Besuch der Website<br \/>\nBeim Aufrufen unserer Website\u00a0<a href=\"http:\/\/www.christofhintze.com\/\">christofhintze.com<\/a>werden automatisch durch den auf Ihrem Endger\u00e4t zum Einsatz kommenden Browser Informationen an den Server unserer Website gesendet. Diese Informationen werden tempor\u00e4r in sogenannten Logfiles gespeichert. Folgende Informationen werden dabei ohne Ihr Zutun erfasst und bis zur automatisierten L\u00f6schung gespeichert:<\/li>\n<\/ol>\n<ul>\n<li>IP-Adresse des anfragenden Rechners<\/li>\n<li>Datum und Uhrzeit des Zugriffs<\/li>\n<li>Name und URL der abgerufenen Datei<\/li>\n<li>Website, von der aus der Zugriff erfolgt (Referrer-URL)<\/li>\n<li>verwendeter Browser und ggf. das Betriebssystem Ihres Rechners sowie der Name Ihres Access-Providers<\/li>\n<\/ul>\n<p>Die genannten Daten werden zu folgenden Zwecken verarbeitet:<\/p>\n<ul>\n<li>Gew\u00e4hrleistung eines reibungslosen Verbindungsaufbaus der Website<\/li>\n<li>Gew\u00e4hrleistung einer komfortablen Nutzung unserer Website<\/li>\n<li>Auswertung der Systemsicherheit und -stabilit\u00e4t<\/li>\n<li>zu weiteren administrativen Zwecken<\/li>\n<\/ul>\n<p>Die Rechtsgrundlage f\u00fcr die Datenverarbeitung ist Art. 6 Abs. 1 lit. f DSGVO. Unser berechtigtes Interesse folgt aus den oben aufgelisteten Zwecken.<\/p>\n<ol>\n<li>b) Bei Kontaktaufnahme per E-Mail oder Telefon<br \/>\nWenn Sie uns per E-Mail oder telefonisch kontaktieren, werden die von Ihnen mitgeteilten Daten (z. B. Name, Telefonnummer, E-Mail-Adresse, Inhalt der Anfrage) von uns gespeichert, um Ihre Anfrage zu bearbeiten.<\/li>\n<\/ol>\n<p>Rechtsgrundlage f\u00fcr die Verarbeitung der Daten ist Art. 6 Abs. 1 lit. b DSGVO (Vertragserf\u00fcllung oder vorvertragliche Ma\u00dfnahmen).<\/p>\n<ol start=\"3\">\n<li>Weitergabe von Daten<br \/>\nEine \u00dcbermittlung Ihrer pers\u00f6nlichen Daten an Dritte findet nicht statt, es sei denn:<\/li>\n<\/ol>\n<ul>\n<li>Sie haben Ihre ausdr\u00fcckliche Einwilligung dazu erteilt (Art. 6 Abs. 1 lit. a DSGVO)<\/li>\n<li>die Verarbeitung ist zur Erf\u00fcllung eines Vertrags mit Ihnen erforderlich (Art. 6 Abs. 1 lit. b DSGVO)<\/li>\n<li>es besteht eine gesetzliche Verpflichtung zur Weitergabe (Art. 6 Abs. 1 lit. c DSGVO)<\/li>\n<li>die Weitergabe ist zur Geltendmachung, Aus\u00fcbung oder Verteidigung von Rechtsanspr\u00fcchen erforderlich (Art. 6 Abs. 1 lit. f DSGVO)<\/li>\n<\/ul>\n<ol start=\"4\">\n<li>Cookies<br \/>\nUnsere Website verwendet in der Regel keine Cookies, es sei denn, diese sind technisch erforderlich. Falls Analyse- oder Marketing-Cookies eingesetzt werden, erfolgt dies nur nach Ihrer ausdr\u00fccklichen Zustimmung \u00fcber ein Cookie-Banner (Art. 6 Abs. 1 lit. a DSGVO).<\/li>\n<\/ol>\n<ol start=\"5\">\n<li>Social Media<br \/>\nSollten auf dieser Website Links zu Social-Media-Plattformen wie Instagram eingebunden sein, erfolgt die Datenverarbeitung ausschlie\u00dflich nach dem Anklicken des Links. F\u00fcr die Datenverarbeitung auf den Plattformen gelten die Datenschutzbestimmungen des jeweiligen Anbieters.<\/li>\n<\/ol>\n<ol start=\"6\">\n<li>Betroffenenrechte<br \/>\nSie haben das Recht:<\/li>\n<\/ol>\n<ul>\n<li>gem\u00e4\u00df Art. 15 DSGVO Auskunft \u00fcber Ihre von uns verarbeiteten personenbezogenen Daten zu verlangen<\/li>\n<li>gem\u00e4\u00df Art. 16 DSGVO unverz\u00fcglich die Berichtigung unrichtiger oder Vervollst\u00e4ndigung Ihrer bei uns gespeicherten personenbezogenen Daten zu verlangen<\/li>\n<li>gem\u00e4\u00df Art. 17 DSGVO die L\u00f6schung Ihrer bei uns gespeicherten personenbezogenen Daten zu verlangen<\/li>\n<li>gem\u00e4\u00df Art. 18 DSGVO die Einschr\u00e4nkung der Verarbeitung Ihrer personenbezogenen Daten zu verlangen<\/li>\n<li>gem\u00e4\u00df Art. 20 DSGVO Ihre personenbezogenen Daten in einem strukturierten, g\u00e4ngigen und maschinenlesbaren Format zu erhalten<\/li>\n<li>gem\u00e4\u00df Art. 77 DSGVO sich bei einer Aufsichtsbeh\u00f6rde zu beschweren<\/li>\n<\/ul>\n<ol start=\"7\">\n<li>Widerrufsrecht<br \/>\nSofern Ihre personenbezogenen Daten auf Grundlage einer Einwilligung verarbeitet werden, haben Sie das Recht, diese jederzeit zu widerrufen (Art. 7 Abs. 3 DSGVO).<\/li>\n<\/ol>\n<ol start=\"8\">\n<li>Datensicherheit<br \/>\nWir verwenden geeignete technische und organisatorische Sicherheitsma\u00dfnahmen, um Ihre Daten gegen zuf\u00e4llige oder vors\u00e4tzliche Manipulation, teilweisen oder vollst\u00e4ndigen Verlust, Zerst\u00f6rung oder gegen unbefugten Zugriff Dritter zu sch\u00fctzen.<\/li>\n<\/ol>\n<ol start=\"9\">\n<li>Aktualit\u00e4t und \u00c4nderung dieser Datenschutzerkl\u00e4rung<br \/>\nDiese Datenschutzerkl\u00e4rung ist aktuell g\u00fcltig und hat den Stand August 2025. Durch die Weiterentwicklung unserer Website oder aufgrund ge\u00e4nderter gesetzlicher bzw. beh\u00f6rdlicher Vorgaben kann eine \u00c4nderung dieser Erkl\u00e4rung erforderlich werden. Die jeweils aktuelle Fassung finden Sie jederzeit auf\u00a0<a href=\"http:\/\/www.christofhintze.com\/datenschutz\">www.christofhintze.com\/datenschutz<\/a>.<\/li>\n<\/ol>\n<\/div><\/div><\/div><\/div><\/div>\n","protected":false},"excerpt":{"rendered":"","protected":false},"author":11,"featured_media":0,"parent":0,"menu_order":0,"comment_status":"closed","ping_status":"closed","template":"","meta":{"footnotes":""},"class_list":["post-13114","page","type-page","status-publish","hentry"],"yoast_head":"<!-- This site is optimized with the Yoast SEO plugin v27.6 - https:\/\/yoast.com\/product\/yoast-seo-wordpress\/ -->\n<title>Datenschutz | Christof Hintze | Kunstdruck | Kollektion | Galerie<\/title>\n<meta name=\"description\" content=\"Kunst direkt vom K\u00fcnstler Christof Hintze kaufen. Ikonische Kunstwerke. Serie: Blau im Quadrat. Kunstkollektion. Druck auf Aludibond, gerahmt.\" \/>\n<meta name=\"robots\" content=\"index, follow, max-snippet:-1, max-image-preview:large, max-video-preview:-1\" \/>\n<link rel=\"canonical\" href=\"https:\/\/christofhintze.com\/de\/datenschutz\/\" \/>\n<meta property=\"og:locale\" content=\"de_DE\" \/>\n<meta property=\"og:type\" content=\"article\" \/>\n<meta property=\"og:title\" content=\"Datenschutz | Christof Hintze | Kunstdruck | Kollektion | Galerie\" \/>\n<meta property=\"og:description\" content=\"Kunst direkt vom K\u00fcnstler Christof Hintze kaufen. Ikonische Kunstwerke. Serie: Blau im Quadrat. Kunstkollektion. Druck auf Aludibond, gerahmt.\" \/>\n<meta property=\"og:url\" content=\"https:\/\/christofhintze.com\/de\/datenschutz\/\" \/>\n<meta property=\"og:site_name\" content=\"Christof Hintze K\u00fcnstler\" \/>\n<meta property=\"article:modified_time\" content=\"2025-08-16T15:19:14+00:00\" \/>\n<meta name=\"twitter:card\" content=\"summary_large_image\" \/>\n<meta name=\"twitter:label1\" content=\"Gesch\u00e4tzte Lesezeit\" \/>\n\t<meta name=\"twitter:data1\" content=\"3\u00a0Minuten\" \/>\n<script type=\"application\/ld+json\" class=\"yoast-schema-graph\">{\"@context\":\"https:\\\/\\\/schema.org\",\"@graph\":[{\"@type\":\"WebPage\",\"@id\":\"https:\\\/\\\/christofhintze.com\\\/de\\\/datenschutz\\\/\",\"url\":\"https:\\\/\\\/christofhintze.com\\\/de\\\/datenschutz\\\/\",\"name\":\"Datenschutz | Christof Hintze | Kunstdruck | Kollektion | Galerie\",\"isPartOf\":{\"@id\":\"https:\\\/\\\/christofhintze.com\\\/#website\"},\"datePublished\":\"2025-08-02T09:31:49+00:00\",\"dateModified\":\"2025-08-16T15:19:14+00:00\",\"description\":\"Kunst direkt vom K\u00fcnstler Christof Hintze kaufen. Ikonische Kunstwerke. Serie: Blau im Quadrat. Kunstkollektion. Druck auf Aludibond, gerahmt.\",\"breadcrumb\":{\"@id\":\"https:\\\/\\\/christofhintze.com\\\/de\\\/datenschutz\\\/#breadcrumb\"},\"inLanguage\":\"de\",\"potentialAction\":[{\"@type\":\"ReadAction\",\"target\":[\"https:\\\/\\\/christofhintze.com\\\/de\\\/datenschutz\\\/\"]}]},{\"@type\":\"BreadcrumbList\",\"@id\":\"https:\\\/\\\/christofhintze.com\\\/de\\\/datenschutz\\\/#breadcrumb\",\"itemListElement\":[{\"@type\":\"ListItem\",\"position\":1,\"name\":\"Startseite\",\"item\":\"https:\\\/\\\/christofhintze.com\\\/de\\\/\"},{\"@type\":\"ListItem\",\"position\":2,\"name\":\"Datenschutz\"}]},{\"@type\":\"WebSite\",\"@id\":\"https:\\\/\\\/christofhintze.com\\\/#website\",\"url\":\"https:\\\/\\\/christofhintze.com\\\/\",\"name\":\"Christof Hintze Artworks\",\"description\":\"Ikonische Kunstwerke Blau im Quadrat\",\"publisher\":{\"@id\":\"https:\\\/\\\/christofhintze.com\\\/#organization\"},\"alternateName\":\"Iconic Artworks Blue in a Square\",\"potentialAction\":[{\"@type\":\"SearchAction\",\"target\":{\"@type\":\"EntryPoint\",\"urlTemplate\":\"https:\\\/\\\/christofhintze.com\\\/?s={search_term_string}\"},\"query-input\":{\"@type\":\"PropertyValueSpecification\",\"valueRequired\":true,\"valueName\":\"search_term_string\"}}],\"inLanguage\":\"de\"},{\"@type\":\"Organization\",\"@id\":\"https:\\\/\\\/christofhintze.com\\\/#organization\",\"name\":\"Christof Hintze Artworks\",\"url\":\"https:\\\/\\\/christofhintze.com\\\/\",\"logo\":{\"@type\":\"ImageObject\",\"inLanguage\":\"de\",\"@id\":\"https:\\\/\\\/christofhintze.com\\\/#\\\/schema\\\/logo\\\/image\\\/\",\"url\":\"https:\\\/\\\/christofhintze.com\\\/wp-content\\\/uploads\\\/2025\\\/09\\\/iconic-art-christof-hintze-positive-memories-blue-in-a-square.png\",\"contentUrl\":\"https:\\\/\\\/christofhintze.com\\\/wp-content\\\/uploads\\\/2025\\\/09\\\/iconic-art-christof-hintze-positive-memories-blue-in-a-square.png\",\"width\":924,\"height\":600,\"caption\":\"Christof Hintze Artworks\"},\"image\":{\"@id\":\"https:\\\/\\\/christofhintze.com\\\/#\\\/schema\\\/logo\\\/image\\\/\"},\"sameAs\":[\"https:\\\/\\\/www.instagram.com\\\/christofhintze\\\/\"]}]}<\/script>\n<!-- \/ Yoast SEO plugin. -->","yoast_head_json":{"title":"Datenschutz | Christof Hintze | Kunstdruck | Kollektion | Galerie","description":"Kunst direkt vom K\u00fcnstler Christof Hintze kaufen. Ikonische Kunstwerke. Serie: Blau im Quadrat. Kunstkollektion. Druck auf Aludibond, gerahmt.","robots":{"index":"index","follow":"follow","max-snippet":"max-snippet:-1","max-image-preview":"max-image-preview:large","max-video-preview":"max-video-preview:-1"},"canonical":"https:\/\/christofhintze.com\/de\/datenschutz\/","og_locale":"de_DE","og_type":"article","og_title":"Datenschutz | Christof Hintze | Kunstdruck | Kollektion | Galerie","og_description":"Kunst direkt vom K\u00fcnstler Christof Hintze kaufen. Ikonische Kunstwerke. Serie: Blau im Quadrat. Kunstkollektion. Druck auf Aludibond, gerahmt.","og_url":"https:\/\/christofhintze.com\/de\/datenschutz\/","og_site_name":"Christof Hintze K\u00fcnstler","article_modified_time":"2025-08-16T15:19:14+00:00","twitter_card":"summary_large_image","twitter_misc":{"Gesch\u00e4tzte Lesezeit":"3\u00a0Minuten"},"schema":{"@context":"https:\/\/schema.org","@graph":[{"@type":"WebPage","@id":"https:\/\/christofhintze.com\/de\/datenschutz\/","url":"https:\/\/christofhintze.com\/de\/datenschutz\/","name":"Datenschutz | Christof Hintze | Kunstdruck | Kollektion | Galerie","isPartOf":{"@id":"https:\/\/christofhintze.com\/#website"},"datePublished":"2025-08-02T09:31:49+00:00","dateModified":"2025-08-16T15:19:14+00:00","description":"Kunst direkt vom K\u00fcnstler Christof Hintze kaufen. Ikonische Kunstwerke. Serie: Blau im Quadrat. Kunstkollektion. Druck auf Aludibond, gerahmt.","breadcrumb":{"@id":"https:\/\/christofhintze.com\/de\/datenschutz\/#breadcrumb"},"inLanguage":"de","potentialAction":[{"@type":"ReadAction","target":["https:\/\/christofhintze.com\/de\/datenschutz\/"]}]},{"@type":"BreadcrumbList","@id":"https:\/\/christofhintze.com\/de\/datenschutz\/#breadcrumb","itemListElement":[{"@type":"ListItem","position":1,"name":"Startseite","item":"https:\/\/christofhintze.com\/de\/"},{"@type":"ListItem","position":2,"name":"Datenschutz"}]},{"@type":"WebSite","@id":"https:\/\/christofhintze.com\/#website","url":"https:\/\/christofhintze.com\/","name":"Christof Hintze Artworks","description":"Ikonische Kunstwerke Blau im Quadrat","publisher":{"@id":"https:\/\/christofhintze.com\/#organization"},"alternateName":"Iconic Artworks Blue in a Square","potentialAction":[{"@type":"SearchAction","target":{"@type":"EntryPoint","urlTemplate":"https:\/\/christofhintze.com\/?s={search_term_string}"},"query-input":{"@type":"PropertyValueSpecification","valueRequired":true,"valueName":"search_term_string"}}],"inLanguage":"de"},{"@type":"Organization","@id":"https:\/\/christofhintze.com\/#organization","name":"Christof Hintze Artworks","url":"https:\/\/christofhintze.com\/","logo":{"@type":"ImageObject","inLanguage":"de","@id":"https:\/\/christofhintze.com\/#\/schema\/logo\/image\/","url":"https:\/\/christofhintze.com\/wp-content\/uploads\/2025\/09\/iconic-art-christof-hintze-positive-memories-blue-in-a-square.png","contentUrl":"https:\/\/christofhintze.com\/wp-content\/uploads\/2025\/09\/iconic-art-christof-hintze-positive-memories-blue-in-a-square.png","width":924,"height":600,"caption":"Christof Hintze Artworks"},"image":{"@id":"https:\/\/christofhintze.com\/#\/schema\/logo\/image\/"},"sameAs":["https:\/\/www.instagram.com\/christofhintze\/"]}]}},"_links":{"self":[{"href":"https:\/\/christofhintze.com\/de\/wp-json\/wp\/v2\/pages\/13114","targetHints":{"allow":["GET"]}}],"collection":[{"href":"https:\/\/christofhintze.com\/de\/wp-json\/wp\/v2\/pages"}],"about":[{"href":"https:\/\/christofhintze.com\/de\/wp-json\/wp\/v2\/types\/page"}],"author":[{"embeddable":true,"href":"https:\/\/christofhintze.com\/de\/wp-json\/wp\/v2\/users\/11"}],"replies":[{"embeddable":true,"href":"https:\/\/christofhintze.com\/de\/wp-json\/wp\/v2\/comments?post=13114"}],"version-history":[{"count":3,"href":"https:\/\/christofhintze.com\/de\/wp-json\/wp\/v2\/pages\/13114\/revisions"}],"predecessor-version":[{"id":13966,"href":"https:\/\/christofhintze.com\/de\/wp-json\/wp\/v2\/pages\/13114\/revisions\/13966"}],"wp:attachment":[{"href":"https:\/\/christofhintze.com\/de\/wp-json\/wp\/v2\/media?parent=13114"}],"curies":[{"name":"wp","href":"https:\/\/api.w.org\/{rel}","templated":true}]}}